{"id":5,"date":"2015-10-13T11:00:29","date_gmt":"2015-10-13T11:00:29","guid":{"rendered":"http:\/\/demos.artbees.net\/jupiter5\/thelxinoe\/?page_id=5"},"modified":"2024-06-24T14:08:45","modified_gmt":"2024-06-24T12:08:45","slug":"home","status":"publish","type":"page","link":"https:\/\/pascalinedemontjoye.com\/","title":{"rendered":"Home FR"},"content":{"rendered":"[vc_row fullwidth=\u00a0\u00bbtrue\u00a0\u00bb id=\u00a0\u00bbAccueil\u00a0\u00bb css=\u00a0\u00bb.vc_custom_1526305037363{padding-top: 0px !important;padding-right: 0px !important;padding-bottom: 0px !important;padding-left: 0px !important;}\u00a0\u00bb][vc_column][mk_edge_slider swiper_bg=\u00a0\u00bb#fffdf9&Prime; animation_effect=\u00a0\u00bbfade\u00a0\u00bb direction_nav=\u00a0\u00bbnone\u00a0\u00bb pagination=\u00a0\u00bbnone\u00a0\u00bb skip_arrow=\u00a0\u00bbfalse\u00a0\u00bb slides=\u00a0\u00bb120&Prime;][\/vc_column][\/vc_row][vc_row id=\u00a0\u00bbApropos\u00a0\u00bb css=\u00a0\u00bb.vc_custom_1526305223679{padding-top: 0px !important;padding-right: 0px !important;padding-bottom: 0px !important;padding-left: 0px !important;}\u00a0\u00bb][vc_column][mk_padding_divider size=\u00a0\u00bb140&Prime;][\/vc_column][\/vc_row][vc_row css=\u00a0\u00bb.vc_custom_1526305214465{padding-top: 0px !important;padding-right: 0px !important;padding-bottom: 0px !important;padding-left: 0px !important;}\u00a0\u00bb][vc_column width=\u00a0\u00bb1\/2&Prime;][mk_image src=\u00a0\u00bbhttp:\/\/pascalinedemontjoye.com\/wp-content\/uploads\/2015\/10\/about-us.png\u00a0\u00bb image_width=\u00a0\u00bb492&Prime; image_height=\u00a0\u00bb321&Prime; align=\u00a0\u00bbcenter\u00a0\u00bb margin_bottom=\u00a0\u00bb30&Prime; animation=\u00a0\u00bbfade-in\u00a0\u00bb crop=\u00a0\u00bbfalse\u00a0\u00bb][\/vc_column][vc_column width=\u00a0\u00bb1\/2&Prime;][mk_fancy_title color=\u00a0\u00bb#f1a175&Prime; size=\u00a0\u00bb42&Prime; font_style=\u00a0\u00bbnormal\u00a0\u00bb txt_transform=\u00a0\u00bbnone\u00a0\u00bb font_family=\u00a0\u00bbDynalight\u00a0\u00bb font_type=\u00a0\u00bbgoogle\u00a0\u00bb animation=\u00a0\u00bbfade-in\u00a0\u00bb]A propos[\/mk_fancy_title][mk_dropcaps style=\u00a0\u00bbfancy-style\u00a0\u00bb size=\u00a0\u00bb48&Prime; background_color=\u00a0\u00bb#f1a175&Prime; text_color=\u00a0\u00bb#ffffff\u00a0\u00bb]P[\/mk_dropcaps][vc_column_text margin_bottom=\u00a0\u00bb30&Prime; animation=\u00a0\u00bbfade-in\u00a0\u00bb css=\u00a0\u00bb.vc_custom_1523867437667{margin-bottom: 30px !important;}\u00a0\u00bb]\n<p style=\"text-align: left;\">ersuad\u00e9e que nous avons tous re\u00e7u des talents \u00e0 exploiter, la soprano Pascaline de Montjoye tient \u00e0 mettre sa voix au service des autres.<\/p>\n<p style=\"text-align: left;\">Pascaline commence le violon et sa formation musicale d\u00e8s l&rsquo;\u00e2ge de sept ans. A quatorze ans elle se d\u00e9couvre une nouvelle passion : le chant lyrique.<\/p>\n<p style=\"text-align: left;\">Ces derni\u00e8res ann\u00e9es elle a eu l&rsquo;occasion de chanter \u00e0 divers \u00e9v\u00e8nements. Aux mariages elle aime apporter principalement\u00a0de la beaut\u00e9, aux\u00a0fun\u00e9railles de l&rsquo;esp\u00e9rance et aux festivit\u00e9s de la joie.<\/p>\n[\/vc_column_text][\/vc_column][\/vc_row][vc_row visibility=\u00a0\u00bbhidden-sm\u00a0\u00bb css=\u00a0\u00bb.vc_custom_1444813344255{padding-top: 0px !important;padding-right: 0px !important;padding-bottom: 0px !important;padding-left: 0px !important;}\u00a0\u00bb][vc_column][mk_padding_divider size=\u00a0\u00bb140&Prime;][\/vc_column][\/vc_row][vc_row fullwidth=\u00a0\u00bbtrue\u00a0\u00bb visibility=\u00a0\u00bbhidden-sm\u00a0\u00bb animation=\u00a0\u00bbfade-in\u00a0\u00bb css=\u00a0\u00bb.vc_custom_1444809083558{padding-top: 0px !important;padding-right: 0px !important;padding-bottom: 0px !important;padding-left: 0px !important;}\u00a0\u00bb][vc_column][mk_divider style=\u00a0\u00bbpadding_space\u00a0\u00bb margin_top=\u00a0\u00bb0&Prime;][\/vc_column][\/vc_row][vc_row id=\u00a0\u00bbServices\u00a0\u00bb css=\u00a0\u00bb.vc_custom_1526305251718{padding-top: 0px !important;padding-right: 0px !important;padding-bottom: 0px !important;padding-left: 0px !important;}\u00a0\u00bb][vc_column][mk_padding_divider size=\u00a0\u00bb140&Prime;][\/vc_column][\/vc_row][vc_row css=\u00a0\u00bb.vc_custom_1526305242278{padding-top: 0px !important;padding-right: 0px !important;padding-bottom: 0px !important;padding-left: 0px !important;}\u00a0\u00bb][vc_column][vc_row_inner][vc_column_inner width=\u00a0\u00bb1\/4&Prime;][mk_circle_image src=\u00a0\u00bbhttp:\/\/pascalinedemontjoye.com\/wp-content\/uploads\/2018\/02\/2016-08-06-mariage-aurlie-et-thibaud-114-copie.jpg\u00a0\u00bb image_diameter=\u00a0\u00bb227&Prime; animation=\u00a0\u00bbfade-in\u00a0\u00bb][mk_fancy_title color=\u00a0\u00bb#0e2a55&Prime; size=\u00a0\u00bb24&Prime; font_weight=\u00a0\u00bb300&Prime; font_style=\u00a0\u00bbnormal\u00a0\u00bb txt_transform=\u00a0\u00bbcapitalize\u00a0\u00bb margin_top=\u00a0\u00bb30&Prime; font_family=\u00a0\u00bbOswald\u00a0\u00bb font_type=\u00a0\u00bbgoogle\u00a0\u00bb align=\u00a0\u00bbcenter\u00a0\u00bb animation=\u00a0\u00bbfade-in\u00a0\u00bb]Mariages[\/mk_fancy_title][\/vc_column_inner][vc_column_inner width=\u00a0\u00bb1\/4&Prime;][mk_circle_image src=\u00a0\u00bbhttp:\/\/pascalinedemontjoye.com\/wp-content\/uploads\/2018\/02\/20180103_114206-e1517666623475.jpg\u00a0\u00bb image_diameter=\u00a0\u00bb227&Prime; animation=\u00a0\u00bbfade-in\u00a0\u00bb][mk_fancy_title color=\u00a0\u00bb#0e2a55&Prime; size=\u00a0\u00bb24&Prime; font_weight=\u00a0\u00bb300&Prime; font_style=\u00a0\u00bbnormal\u00a0\u00bb txt_transform=\u00a0\u00bbcapitalize\u00a0\u00bb margin_top=\u00a0\u00bb30&Prime; font_family=\u00a0\u00bbOswald\u00a0\u00bb font_type=\u00a0\u00bbgoogle\u00a0\u00bb align=\u00a0\u00bbcenter\u00a0\u00bb animation=\u00a0\u00bbfade-in\u00a0\u00bb]Fun\u00e9railles[\/mk_fancy_title][\/vc_column_inner][vc_column_inner width=\u00a0\u00bb1\/4&Prime;][mk_circle_image src=\u00a0\u00bbhttp:\/\/pascalinedemontjoye.com\/wp-content\/uploads\/2018\/02\/img_2236-copier.jpg\u00a0\u00bb image_diameter=\u00a0\u00bb227&Prime; animation=\u00a0\u00bbfade-in\u00a0\u00bb][mk_fancy_title color=\u00a0\u00bb#0e2a55&Prime; size=\u00a0\u00bb24&Prime; font_weight=\u00a0\u00bb300&Prime; font_style=\u00a0\u00bbnormal\u00a0\u00bb txt_transform=\u00a0\u00bbcapitalize\u00a0\u00bb margin_top=\u00a0\u00bb30&Prime; font_family=\u00a0\u00bbOswald\u00a0\u00bb font_type=\u00a0\u00bbgoogle\u00a0\u00bb align=\u00a0\u00bbcenter\u00a0\u00bb animation=\u00a0\u00bbfade-in\u00a0\u00bb]spectacles &amp; autres[\/mk_fancy_title][\/vc_column_inner][vc_column_inner width=\u00a0\u00bb1\/4&Prime;][mk_circle_image src=\u00a0\u00bbhttp:\/\/pascalinedemontjoye.com\/wp-content\/uploads\/2018\/02\/concert-9-avril-e1517668347300.jpg\u00a0\u00bb image_diameter=\u00a0\u00bb227&Prime; animation=\u00a0\u00bbfade-in\u00a0\u00bb][mk_fancy_title color=\u00a0\u00bb#0e2a55&Prime; size=\u00a0\u00bb24&Prime; font_weight=\u00a0\u00bb300&Prime; font_style=\u00a0\u00bbnormal\u00a0\u00bb txt_transform=\u00a0\u00bbnone\u00a0\u00bb margin_top=\u00a0\u00bb30&Prime; font_family=\u00a0\u00bbOswald\u00a0\u00bb font_type=\u00a0\u00bbgoogle\u00a0\u00bb align=\u00a0\u00bbcenter\u00a0\u00bb animation=\u00a0\u00bbfade-in\u00a0\u00bb]Concerts[\/mk_fancy_title][\/vc_column_inner][\/vc_row_inner][\/vc_column][\/vc_row][vc_row id=\u00a0\u00bbbooking\u00a0\u00bb css=\u00a0\u00bb.vc_custom_1445518992618{padding-top: 0px !important;padding-right: 0px !important;padding-bottom: 0px !important;padding-left: 0px !important;}\u00a0\u00bb][vc_column][mk_padding_divider size=\u00a0\u00bb140&Prime; visibility=\u00a0\u00bbhidden-sm\u00a0\u00bb][\/vc_column][\/vc_row][vc_row fullwidth=\u00a0\u00bbtrue\u00a0\u00bb visibility=\u00a0\u00bbhidden-sm\u00a0\u00bb animation=\u00a0\u00bbfade-in\u00a0\u00bb css=\u00a0\u00bb.vc_custom_1444809083558{padding-top: 0px !important;padding-right: 0px !important;padding-bottom: 0px !important;padding-left: 0px !important;}\u00a0\u00bb][vc_column][mk_divider style=\u00a0\u00bbpadding_space\u00a0\u00bb margin_top=\u00a0\u00bb0&Prime;][\/vc_column][\/vc_row][vc_row id=\u00a0\u00bbContact\u00a0\u00bb css=\u00a0\u00bb.vc_custom_1526305278363{padding-top: 0px !important;padding-right: 0px !important;padding-bottom: 0px !important;padding-left: 0px !important;}\u00a0\u00bb]\n<p style=\"text-align: center;\"><strong>pascalinedemontjoye@gmail.com<\/strong><br \/>\n<strong>+32 473 737 924<\/strong><\/p>\n","protected":false},"excerpt":{"rendered":"<p>[vc_row fullwidth=\u00a0\u00bbtrue\u00a0\u00bb id=\u00a0\u00bbAccueil\u00a0\u00bb css=\u00a0\u00bb.vc_custom_1526305037363{padding-top: 0px !important;padding-right: 0px !important;padding-bottom: 0px !important;padding-left: 0px !important;}\u00a0\u00bb][vc_column][mk_edge_slider swiper_bg=\u00a0\u00bb#fffdf9&Prime; animation_effect=\u00a0\u00bbfade\u00a0\u00bb direction_nav=\u00a0\u00bbnone\u00a0\u00bb pagination=\u00a0\u00bbnone\u00a0\u00bb skip_arrow=\u00a0\u00bbfalse\u00a0\u00bb slides=\u00a0\u00bb120&Prime;][\/vc_column][\/vc_row][vc_row id=\u00a0\u00bbApropos\u00a0\u00bb css=\u00a0\u00bb.vc_custom_1526305223679{padding-top: 0px !important;padding-right: 0px !important;padding-bottom: 0px !important;padding-left: 0px !important;}\u00a0\u00bb][vc_column][mk_padding_divider size=\u00a0\u00bb140&Prime;][\/vc_column][\/vc_row][vc_row css=\u00a0\u00bb.vc_custom_1526305214465{padding-top: 0px !important;padding-right: 0px !important;padding-bottom: 0px !important;padding-left: 0px !important;}\u00a0\u00bb][vc_column width=\u00a0\u00bb1\/2&Prime;][mk_image src=\u00a0\u00bbhttp:\/\/pascalinedemontjoye.com\/wp-content\/uploads\/2015\/10\/about-us.png\u00a0\u00bb image_width=\u00a0\u00bb492&Prime; image_height=\u00a0\u00bb321&Prime; align=\u00a0\u00bbcenter\u00a0\u00bb margin_bottom=\u00a0\u00bb30&Prime; animation=\u00a0\u00bbfade-in\u00a0\u00bb crop=\u00a0\u00bbfalse\u00a0\u00bb][\/vc_column][vc_column width=\u00a0\u00bb1\/2&Prime;][mk_fancy_title color=\u00a0\u00bb#f1a175&Prime; size=\u00a0\u00bb42&Prime; font_style=\u00a0\u00bbnormal\u00a0\u00bb txt_transform=\u00a0\u00bbnone\u00a0\u00bb font_family=\u00a0\u00bbDynalight\u00a0\u00bb font_type=\u00a0\u00bbgoogle\u00a0\u00bb animation=\u00a0\u00bbfade-in\u00a0\u00bb]A propos[\/mk_fancy_title][mk_dropcaps [&hellip;]<\/p>\n","protected":false},"author":2,"featured_media":0,"parent":0,"menu_order":0,"comment_status":"closed","ping_status":"closed","template":"","meta":{"footnotes":""},"_links":{"self":[{"href":"https:\/\/pascalinedemontjoye.com\/index.php?rest_route=\/wp\/v2\/pages\/5"}],"collection":[{"href":"https:\/\/pascalinedemontjoye.com\/index.php?rest_route=\/wp\/v2\/pages"}],"about":[{"href":"https:\/\/pascalinedemontjoye.com\/index.php?rest_route=\/wp\/v2\/types\/page"}],"author":[{"embeddable":true,"href":"https:\/\/pascalinedemontjoye.com\/index.php?rest_route=\/wp\/v2\/users\/2"}],"replies":[{"embeddable":true,"href":"https:\/\/pascalinedemontjoye.com\/index.php?rest_route=%2Fwp%2Fv2%2Fcomments&post=5"}],"version-history":[{"count":77,"href":"https:\/\/pascalinedemontjoye.com\/index.php?rest_route=\/wp\/v2\/pages\/5\/revisions"}],"predecessor-version":[{"id":280,"href":"https:\/\/pascalinedemontjoye.com\/index.php?rest_route=\/wp\/v2\/pages\/5\/revisions\/280"}],"wp:attachment":[{"href":"https:\/\/pascalinedemontjoye.com\/index.php?rest_route=%2Fwp%2Fv2%2Fmedia&parent=5"}],"curies":[{"name":"wp","href":"https:\/\/api.w.org\/{rel}","templated":true}]}}